{"id":74,"date":"2020-12-28T22:58:23","date_gmt":"2020-12-29T03:58:23","guid":{"rendered":"https:\/\/thesexmed.com\/?page_id=74"},"modified":"2022-06-13T14:21:39","modified_gmt":"2022-06-13T18:21:39","slug":"what-we-do","status":"publish","type":"page","link":"https:\/\/thesexmed.com\/francais\/what-we-do\/","title":{"rendered":"CE QUE NOUS FAISONS"},"content":{"rendered":"<p class=\"has-text-align-center has-medium-font-size\">\"La sant\u00e9 sexuelle n'\u00e9tait pas suffisamment abord\u00e9e dans le secteur des soins de sant\u00e9 - nous avons donc cr\u00e9\u00e9 [M]\u00e9dSex\"<\/p>\n\n\n\n<hr class=\"wp-block-separator has-text-color has-vivid-red-color has-css-opacity has-vivid-red-background-color has-background is-style-dots\"\/>\n\n\n\n<p class=\"translation-block\">[M]\u00e9dSex est une organisation canadienne \u00e0 but non lucratif qui se consacre \u00e0 la lutte contre les in\u00e9galit\u00e9s en mati\u00e8re de sant\u00e9 sexuelle en fournissant une \u00e9ducation plus approfondie dans ce domaine au personnel de la sant\u00e9.<\/p>\n\n\n\n<p>At Sex<mark style=\"background-color:rgba(0, 0, 0, 0)\" class=\"has-inline-color has-vivid-red-color\">[M]<\/mark>ed, we work to highlight what is missing from the healthcare curriculum by providing inclusive, diverse, and comprehensive resources about sexual health. We are committed to upholding reproductive justice by recognizing that each individual has the right to make choices about their sexual and reproductive life, and should have access to sexual and reproductive health services. We strive to make our work trans and intersex-inclusive, anti-ableist, anti-classist, anti-racist, anti-fatphobic, and anti-sexist.<\/p>\n\n\n\n<p>Nous souhaitons utiliser notre plateforme comme un moyen d\u2019\u00e9lever les voix marginalis\u00e9es des communaut\u00e9s qui ne sont pas repr\u00e9sent\u00e9es de mani\u00e8re ad\u00e9quate dans le syst\u00e8me et les programmes de soins de sant\u00e9. Nous reconnaissons nos propres pr\u00e9jug\u00e9s, privil\u00e8ges, limitations et positions, et nous continuons \u00e0 nous mettre au d\u00e9fi, ainsi qu'\u00e0 nos r\u00e9seaux, d'avoir des conversations importantes sur la diversit\u00e9, l'\u00e9quit\u00e9 et la repr\u00e9sentation dans le domaine des soins de sant\u00e9. Nous reconnaissons et respectons l'expertise que le personnel de la sant\u00e9 apportent \u00e0 notre plateforme, mais nous souhaitons \u00e9galement mettre l'accent sur la valeur unique des exp\u00e9riences v\u00e9cues par les personnes concern\u00e9es et nous nous effor\u00e7ons de centrer cela dans le travail que nous faisons.<\/p>\n\n\n\n<p>Nos objectifs sont les suivants:<\/p>\n\n\n\n<ul class=\"wp-block-list\"><li>Publier des ressources \u00e9ducatives en mati\u00e8re de sant\u00e9 sexuelle valides, pr\u00e9cises, utiles et accessibles \u00e0 un large \u00e9ventail du personnel de la sant\u00e9.<\/li><li>Promouvoir les th\u00e8mes de la sant\u00e9 sexuelle qui sont souvent mal repr\u00e9sent\u00e9s ou absents des programmes et du syst\u00e8me de sant\u00e9.<\/li><li>D\u00e9fendre activement la composante intrins\u00e8que de la sant\u00e9 sexuelle dans la sant\u00e9 globale des individus.<\/li><li>Combattre les tabous sociaux et m\u00e9dicaux sur la sant\u00e9 sexuelle.<\/li><li>Mettre l'accent sur la nature collaborative des soins de sant\u00e9 au-del\u00e0 du simple cabinet m\u00e9dical.<\/li><li>Veiller \u00e0 ce que l'inclusion, la diversit\u00e9 et l'intersectionnalit\u00e9 soient au centre de toutes nos activit\u00e9s.<\/li><\/ul>\n\n\n\n<div style=\"height:30px\" aria-hidden=\"true\" class=\"wp-block-spacer\"><\/div>\n\n\n\n<h2 class=\"has-text-align-center has-medium-font-size wp-block-heading\">Pour en apprendre plus:<\/h2>\n\n\n\n<div style=\"height:20px\" aria-hidden=\"true\" class=\"wp-block-spacer\"><\/div>\n\n\n\n<p class=\"has-text-align-center\"><span style=\"text-decoration: underline;\">Visionner:<\/span> <em><a href=\"https:\/\/montreal.ctvnews.ca\/video?cid=smtrueanthemctvmontrealpost&amp;clipId=2220125&amp;utm_campaign=trueAnthemTrendingContent&amp;utm_medium=trueAnthem&amp;utm_source=facebook&amp;fbclid=IwAR0i7NF3-1ExbJ2rXgd7axln1T71oTESIb12eRL4ZIgAz5NSYxFBb-dognY\">Une entrevue avec CTV Montreal sur la mission de [M]\u00e9dSex.<\/a><\/em><\/p>\n\n\n\n<p class=\"has-text-align-center\"><span style=\"text-decoration: underline;\">Lire<\/span>: <em><a href=\"https:\/\/www.theglobeandmail.com\/life\/relationships\/article-new-website-founded-by-mcgill-university-student-aims-to-fill\/\" target=\"_blank\" rel=\"noreferrer noopener\">Un article dans le Globe and Mail sur la fa\u00e7on dont [M]\u00e9dSex a \u00e9t\u00e9 fond\u00e9.<\/a><\/em><\/p>\n\n\n\n<hr class=\"wp-block-separator has-text-color has-vivid-red-color has-css-opacity has-vivid-red-background-color has-background is-style-dots\"\/>\n\n\n\n<p><\/p>","protected":false},"excerpt":{"rendered":"<p>\u201cSexual health was not being talked about enough within healthcare \u2013 so we created Sex[M]ed\u201d Sex[M]ed is a Canadian-based not-for-profit organization dedicated to combatting sexual health inequities by providing comprehensive sexual health education to healthcare practitioners. At Sex[M]ed, we work to highlight what is missing from the healthcare curriculum by providing inclusive, diverse, and comprehensive resources about sexual health. We are committed to upholding reproductive justice by recognizing that each individual has the right to make choices about their sexual and reproductive life, and should have access to sexual and reproductive health services. We strive to make our work trans and intersex-inclusive, anti-ableist, anti-classist, anti-racist, anti-fatphobic, and anti-sexist. We wish to use our platform as a means to emphasize marginalized voices of communities that are not adequately represented within the healthcare system and curriculum. We acknowledge our own biases, privileges, limitations, and positionalities; and continue to challenge ourselves and our networks to have important conversations about diversity, equity, and representation in the healthcare field. We recognize and respect the expertise that healthcare practitioners bring to our platform; but we also wish to emphasize the unique value of people\u2019s lived experiences and strive to centre this throughout the work that we do. Our goals are to: Publish valid, accurate, and useful sexual health educational resources that are accessible to a wide range of healthcare practitioners Promote topics of sexual health that are often mis-represented in, or absent from, the healthcare curricula and the healthcare system Actively advocate for the integral component that sexual health has within the overall health of individuals Combat the social and medical taboos about sexual health Emphasize the collaborative nature of healthcare beyond just the doctors office Ensure that inclusivity, diversity, and intersectionality are at the focus in all of our work To learn more: Watch: An interview with CTV Montreal about the mission of Sex[M]ed Read: An article in the Globe and Mail about how Sex[M]ed was founded<\/p>","protected":false},"author":1,"featured_media":0,"parent":0,"menu_order":0,"comment_status":"closed","ping_status":"closed","template":"","meta":{"footnotes":""},"class_list":["post-74","page","type-page","status-publish","hentry"],"yoast_head":"<!-- This site is optimized with the Yoast SEO plugin v26.9 - https:\/\/yoast.com\/product\/yoast-seo-wordpress\/ -->\n<title>WHAT WE DO | Sex[M]ed<\/title>\n<meta name=\"robots\" content=\"index, follow, max-snippet:-1, max-image-preview:large, max-video-preview:-1\" \/>\n<link rel=\"canonical\" href=\"https:\/\/thesexmed.com\/francais\/what-we-do\/\" \/>\n<meta property=\"og:locale\" content=\"fr_CA\" \/>\n<meta property=\"og:type\" content=\"article\" \/>\n<meta property=\"og:title\" content=\"WHAT WE DO | Sex[M]ed\" \/>\n<meta property=\"og:description\" content=\"\u201cSexual health was not being talked about enough within healthcare \u2013 so we created Sex[M]ed\u201d Sex[M]ed is a Canadian-based not-for-profit organization dedicated to combatting sexual health inequities by providing comprehensive sexual health education to healthcare practitioners. At Sex[M]ed, we work to highlight what is missing from the healthcare curriculum by providing inclusive, diverse, and comprehensive resources about sexual health. We are committed to upholding reproductive justice by recognizing that each individual has the right to make choices about their sexual and reproductive life, and should have access to sexual and reproductive health services. We strive to make our work trans and intersex-inclusive, anti-ableist, anti-classist, anti-racist, anti-fatphobic, and anti-sexist. We wish to use our platform as a means to emphasize marginalized voices of communities that are not adequately represented within the healthcare system and curriculum. We acknowledge our own biases, privileges, limitations, and positionalities; and continue to challenge ourselves and our networks to have important conversations about diversity, equity, and representation in the healthcare field. We recognize and respect the expertise that healthcare practitioners bring to our platform; but we also wish to emphasize the unique value of people\u2019s lived experiences and strive to centre this throughout the work that we do. Our goals are to: Publish valid, accurate, and useful sexual health educational resources that are accessible to a wide range of healthcare practitioners Promote topics of sexual health that are often mis-represented in, or absent from, the healthcare curricula and the healthcare system Actively advocate for the integral component that sexual health has within the overall health of individuals Combat the social and medical taboos about sexual health Emphasize the collaborative nature of healthcare beyond just the doctors office Ensure that inclusivity, diversity, and intersectionality are at the focus in all of our work To learn more: Watch: An interview with CTV Montreal about the mission of Sex[M]ed Read: An article in the Globe and Mail about how Sex[M]ed was founded\" \/>\n<meta property=\"og:url\" content=\"https:\/\/thesexmed.com\/francais\/what-we-do\/\" \/>\n<meta property=\"og:site_name\" content=\"Sex[M]ed\" \/>\n<meta property=\"article:publisher\" content=\"https:\/\/www.facebook.com\/sexmed.the\" \/>\n<meta property=\"article:modified_time\" content=\"2022-06-13T18:21:39+00:00\" \/>\n<meta name=\"twitter:card\" content=\"summary_large_image\" \/>\n<meta name=\"twitter:site\" content=\"@thesexmed\" \/>\n<meta name=\"twitter:label1\" content=\"Estimation du temps de lecture\" \/>\n\t<meta name=\"twitter:data1\" content=\"2 minutes\" \/>\n<script type=\"application\/ld+json\" class=\"yoast-schema-graph\">{\"@context\":\"https:\/\/schema.org\",\"@graph\":[{\"@type\":\"WebPage\",\"@id\":\"https:\/\/thesexmed.com\/what-we-do\/\",\"url\":\"https:\/\/thesexmed.com\/what-we-do\/\",\"name\":\"WHAT WE DO | Sex[M]ed\",\"isPartOf\":{\"@id\":\"https:\/\/thesexmed.com\/#website\"},\"datePublished\":\"2020-12-29T03:58:23+00:00\",\"dateModified\":\"2022-06-13T18:21:39+00:00\",\"breadcrumb\":{\"@id\":\"https:\/\/thesexmed.com\/what-we-do\/#breadcrumb\"},\"inLanguage\":\"fr-CA\",\"potentialAction\":[{\"@type\":\"ReadAction\",\"target\":[\"https:\/\/thesexmed.com\/what-we-do\/\"]}]},{\"@type\":\"BreadcrumbList\",\"@id\":\"https:\/\/thesexmed.com\/what-we-do\/#breadcrumb\",\"itemListElement\":[{\"@type\":\"ListItem\",\"position\":1,\"name\":\"Home\",\"item\":\"https:\/\/thesexmed.com\/\"},{\"@type\":\"ListItem\",\"position\":2,\"name\":\"WHAT WE DO\"}]},{\"@type\":\"WebSite\",\"@id\":\"https:\/\/thesexmed.com\/#website\",\"url\":\"https:\/\/thesexmed.com\/\",\"name\":\"Sex[M]ed\",\"description\":\"a sexual health education platform for healthcare practitioners\",\"publisher\":{\"@id\":\"https:\/\/thesexmed.com\/#organization\"},\"potentialAction\":[{\"@type\":\"SearchAction\",\"target\":{\"@type\":\"EntryPoint\",\"urlTemplate\":\"https:\/\/thesexmed.com\/?s={search_term_string}\"},\"query-input\":{\"@type\":\"PropertyValueSpecification\",\"valueRequired\":true,\"valueName\":\"search_term_string\"}}],\"inLanguage\":\"fr-CA\"},{\"@type\":\"Organization\",\"@id\":\"https:\/\/thesexmed.com\/#organization\",\"name\":\"Sex[M]ed\",\"url\":\"https:\/\/thesexmed.com\/\",\"logo\":{\"@type\":\"ImageObject\",\"inLanguage\":\"fr-CA\",\"@id\":\"https:\/\/thesexmed.com\/#\/schema\/logo\/image\/\",\"url\":\"https:\/\/thesexmed.com\/wp-content\/uploads\/2021\/01\/1.png\",\"contentUrl\":\"https:\/\/thesexmed.com\/wp-content\/uploads\/2021\/01\/1.png\",\"width\":1224,\"height\":1584,\"caption\":\"Sex[M]ed\"},\"image\":{\"@id\":\"https:\/\/thesexmed.com\/#\/schema\/logo\/image\/\"},\"sameAs\":[\"https:\/\/www.facebook.com\/sexmed.the\",\"https:\/\/x.com\/thesexmed\",\"https:\/\/www.instagram.com\/sexmed_\/\"]}]}<\/script>\n<!-- \/ Yoast SEO plugin. -->","yoast_head_json":{"title":"WHAT WE DO | Sex[M]ed","robots":{"index":"index","follow":"follow","max-snippet":"max-snippet:-1","max-image-preview":"max-image-preview:large","max-video-preview":"max-video-preview:-1"},"canonical":"https:\/\/thesexmed.com\/francais\/what-we-do\/","og_locale":"fr_CA","og_type":"article","og_title":"WHAT WE DO | Sex[M]ed","og_description":"\u201cSexual health was not being talked about enough within healthcare \u2013 so we created Sex[M]ed\u201d Sex[M]ed is a Canadian-based not-for-profit organization dedicated to combatting sexual health inequities by providing comprehensive sexual health education to healthcare practitioners. At Sex[M]ed, we work to highlight what is missing from the healthcare curriculum by providing inclusive, diverse, and comprehensive resources about sexual health. We are committed to upholding reproductive justice by recognizing that each individual has the right to make choices about their sexual and reproductive life, and should have access to sexual and reproductive health services. We strive to make our work trans and intersex-inclusive, anti-ableist, anti-classist, anti-racist, anti-fatphobic, and anti-sexist. We wish to use our platform as a means to emphasize marginalized voices of communities that are not adequately represented within the healthcare system and curriculum. We acknowledge our own biases, privileges, limitations, and positionalities; and continue to challenge ourselves and our networks to have important conversations about diversity, equity, and representation in the healthcare field. We recognize and respect the expertise that healthcare practitioners bring to our platform; but we also wish to emphasize the unique value of people\u2019s lived experiences and strive to centre this throughout the work that we do. Our goals are to: Publish valid, accurate, and useful sexual health educational resources that are accessible to a wide range of healthcare practitioners Promote topics of sexual health that are often mis-represented in, or absent from, the healthcare curricula and the healthcare system Actively advocate for the integral component that sexual health has within the overall health of individuals Combat the social and medical taboos about sexual health Emphasize the collaborative nature of healthcare beyond just the doctors office Ensure that inclusivity, diversity, and intersectionality are at the focus in all of our work To learn more: Watch: An interview with CTV Montreal about the mission of Sex[M]ed Read: An article in the Globe and Mail about how Sex[M]ed was founded","og_url":"https:\/\/thesexmed.com\/francais\/what-we-do\/","og_site_name":"Sex[M]ed","article_publisher":"https:\/\/www.facebook.com\/sexmed.the","article_modified_time":"2022-06-13T18:21:39+00:00","twitter_card":"summary_large_image","twitter_site":"@thesexmed","twitter_misc":{"Estimation du temps de lecture":"2 minutes"},"schema":{"@context":"https:\/\/schema.org","@graph":[{"@type":"WebPage","@id":"https:\/\/thesexmed.com\/what-we-do\/","url":"https:\/\/thesexmed.com\/what-we-do\/","name":"WHAT WE DO | Sex[M]ed","isPartOf":{"@id":"https:\/\/thesexmed.com\/#website"},"datePublished":"2020-12-29T03:58:23+00:00","dateModified":"2022-06-13T18:21:39+00:00","breadcrumb":{"@id":"https:\/\/thesexmed.com\/what-we-do\/#breadcrumb"},"inLanguage":"fr-CA","potentialAction":[{"@type":"ReadAction","target":["https:\/\/thesexmed.com\/what-we-do\/"]}]},{"@type":"BreadcrumbList","@id":"https:\/\/thesexmed.com\/what-we-do\/#breadcrumb","itemListElement":[{"@type":"ListItem","position":1,"name":"Home","item":"https:\/\/thesexmed.com\/"},{"@type":"ListItem","position":2,"name":"WHAT WE DO"}]},{"@type":"WebSite","@id":"https:\/\/thesexmed.com\/#website","url":"https:\/\/thesexmed.com\/","name":"Sex[M]ed","description":"a sexual health education platform for healthcare practitioners","publisher":{"@id":"https:\/\/thesexmed.com\/#organization"},"potentialAction":[{"@type":"SearchAction","target":{"@type":"EntryPoint","urlTemplate":"https:\/\/thesexmed.com\/?s={search_term_string}"},"query-input":{"@type":"PropertyValueSpecification","valueRequired":true,"valueName":"search_term_string"}}],"inLanguage":"fr-CA"},{"@type":"Organization","@id":"https:\/\/thesexmed.com\/#organization","name":"Sex[M]ed","url":"https:\/\/thesexmed.com\/","logo":{"@type":"ImageObject","inLanguage":"fr-CA","@id":"https:\/\/thesexmed.com\/#\/schema\/logo\/image\/","url":"https:\/\/thesexmed.com\/wp-content\/uploads\/2021\/01\/1.png","contentUrl":"https:\/\/thesexmed.com\/wp-content\/uploads\/2021\/01\/1.png","width":1224,"height":1584,"caption":"Sex[M]ed"},"image":{"@id":"https:\/\/thesexmed.com\/#\/schema\/logo\/image\/"},"sameAs":["https:\/\/www.facebook.com\/sexmed.the","https:\/\/x.com\/thesexmed","https:\/\/www.instagram.com\/sexmed_\/"]}]}},"_links":{"self":[{"href":"https:\/\/thesexmed.com\/francais\/wp-json\/wp\/v2\/pages\/74","targetHints":{"allow":["GET"]}}],"collection":[{"href":"https:\/\/thesexmed.com\/francais\/wp-json\/wp\/v2\/pages"}],"about":[{"href":"https:\/\/thesexmed.com\/francais\/wp-json\/wp\/v2\/types\/page"}],"author":[{"embeddable":true,"href":"https:\/\/thesexmed.com\/francais\/wp-json\/wp\/v2\/users\/1"}],"replies":[{"embeddable":true,"href":"https:\/\/thesexmed.com\/francais\/wp-json\/wp\/v2\/comments?post=74"}],"version-history":[{"count":5,"href":"https:\/\/thesexmed.com\/francais\/wp-json\/wp\/v2\/pages\/74\/revisions"}],"predecessor-version":[{"id":1884,"href":"https:\/\/thesexmed.com\/francais\/wp-json\/wp\/v2\/pages\/74\/revisions\/1884"}],"wp:attachment":[{"href":"https:\/\/thesexmed.com\/francais\/wp-json\/wp\/v2\/media?parent=74"}],"curies":[{"name":"wp","href":"https:\/\/api.w.org\/{rel}","templated":true}]}}