{"id":197,"date":"2020-12-29T11:54:15","date_gmt":"2020-12-29T16:54:15","guid":{"rendered":"https:\/\/thesexmed.com\/?page_id=197"},"modified":"2022-01-21T17:39:43","modified_gmt":"2022-01-21T22:39:43","slug":"this-is-why","status":"publish","type":"page","link":"https:\/\/thesexmed.com\/francais\/this-is-why\/","title":{"rendered":"VOICI POURQUOI"},"content":{"rendered":"<p class=\"has-text-align-center has-medium-font-size\"><strong>\u201c<\/strong>La sant\u00e9 sexuelle n'est pas prioris\u00e9 dans le syst\u00e8me de soins de sant\u00e9, les programmes de soins de sant\u00e9 et par le personnel de la sant\u00e9\"<\/p>\n\n\n\n<hr class=\"wp-block-separator has-text-color has-background has-vivid-red-background-color has-vivid-red-color is-style-dots\"\/>\n\n\n\n<p>Quatre raisons expliquent pourquoi nous pensons qu'une formation sur la sant\u00e9 sexuelle plus compl\u00e8te est n\u00e9cessaire pour les professionnels de la sant\u00e9.<\/p>\n\n\n\n<p><strong>UN:<\/strong> Le manque de conversation dans la rencontre patient-praticien<\/p>\n\n\n\n<ul class=\"wp-block-list\"><li>Seulement <a href=\"https:\/\/pubmed.ncbi.nlm.nih.gov\/12623620\/#:~:text=Most%20respondents%20(90%25)%20agreed,sexual%20issues%20with%20their%20patients.\" data-type=\"URL\" data-id=\"https:\/\/pubmed.ncbi.nlm.nih.gov\/12623620\/#:~:text=Most%20respondents%20(90%25)%20agreed,sexual%20issues%20with%20their%20patients.\" target=\"_blank\" rel=\"noreferrer noopener\">6%<\/a> du personnel de la sant\u00e9 entament fr\u00e9quemment des discussions sur la sant\u00e9 sexuelle avec leurs patients.<\/li><li>Les discussions sur la sant\u00e9 sexuelle avec les jeunes adultes durent en moyenne <a href=\"https:\/\/pubmed.ncbi.nlm.nih.gov\/24378686\/\" data-type=\"URL\" data-id=\"https:\/\/pubmed.ncbi.nlm.nih.gov\/24378686\/\" target=\"_blank\" rel=\"noreferrer noopener\">36 secondes<\/a> par visite m\u00e9dicale.<\/li><li>Seulement <a href=\"https:\/\/pubmed.ncbi.nlm.nih.gov\/21029381\/\" data-type=\"URL\" data-id=\"https:\/\/pubmed.ncbi.nlm.nih.gov\/21029381\/\" target=\"_blank\" rel=\"noreferrer noopener\">25%<\/a> des m\u00e9decins de soins primaires prennent en compte les ant\u00e9c\u00e9dents sexuels de leurs patients.<\/li><li>Moins de <a href=\"https:\/\/pubmed.ncbi.nlm.nih.gov\/23343168\/\" data-type=\"URL\" data-id=\"https:\/\/pubmed.ncbi.nlm.nih.gov\/23343168\/\" target=\"_blank\" rel=\"noreferrer noopener\">25%<\/a> des m\u00e9decins de soins primaires interrogent syst\u00e9matiquement leurs patients sur leur bien-\u00eatre sexuel.<\/li><\/ul>\n\n\n\n<p><strong>DEUX:<\/strong> Manque de confort chez le personnel de la sant\u00e9<\/p>\n\n\n\n<ul class=\"wp-block-list\"><li>Le personnel de la sant\u00e9 dit se sentir <a data-type=\"URL\" data-id=\"https:\/\/www.ncbi.nlm.nih.gov\/pmc\/articles\/PMC6436267\/\" rel=\"noreferrer noopener\" href=\"https:\/\/www.ncbi.nlm.nih.gov\/pmc\/articles\/PMC6436267\/\" target=\"_blank\">\"r\u00e9ticent\", \"r\u00e9serv\u00e9\" ou \"mal \u00e0 l'aise\"<\/a> \u00e0 parler de sant\u00e9 sexuelle.<\/li><li><a data-type=\"URL\" data-id=\"https:\/\/www.ncbi.nlm.nih.gov\/pmc\/articles\/PMC3387502\/\" rel=\"noreferrer noopener\" href=\"https:\/\/www.ncbi.nlm.nih.gov\/pmc\/articles\/PMC3387502\/\" target=\"_blank\">25%<\/a> des m\u00e9decins disent avoir exprim\u00e9 leur d\u00e9sapprobation \u00e0 l'\u00e9gard des pratiques sexuelles de leurs patients.<\/li><li>Le personnel de la sant\u00e9 se dit mal \u00e0 l'aise en discutant de la sant\u00e9 sexuelle avec des patients appartenant \u00e0 <a data-type=\"URL\" data-id=\"https:\/\/pubmed.ncbi.nlm.nih.gov\/15367475\/\" rel=\"noreferrer noopener\" href=\"https:\/\/pubmed.ncbi.nlm.nih.gov\/15367475\/\" target=\"_blank\">des groupes sexuels, raciaux ou ethniques<\/a> diff\u00e9rents du sien.<\/li><\/ul>\n\n\n\n<p><strong>TROIS:<\/strong> Manque de formation pour le personnel de la sant\u00e9<\/p>\n\n\n\n<ul class=\"wp-block-list\"><li>De nombreux programmes de soins de sant\u00e9 accordent<a data-type=\"URL\" data-id=\"https:\/\/pubmed.ncbi.nlm.nih.gov\/23343168\/\" rel=\"noreferrer noopener\" href=\"https:\/\/pubmed.ncbi.nlm.nih.gov\/23343168\/\" target=\"_blank\"> peu ou pas d'attention <\/a>\u00e0 la fonction sexuelle, aux dysfonctionnements sexuels, \u00e0 la sexualit\u00e9 f\u00e9minine et \u00e0 l'avortement.<\/li><li><a data-type=\"URL\" data-id=\"https:\/\/pubmed.ncbi.nlm.nih.gov\/19215615\/\" rel=\"noreferrer noopener\" href=\"https:\/\/pubmed.ncbi.nlm.nih.gov\/19215615\/\" target=\"_blank\">42% &#8211; 62%<\/a> des universitaires en m\u00e9decine d\u00e9crivent la formation qu\u2019ils ont re\u00e7ue comme insuffisante sur les questions de la sexualit\u00e9.<\/li><li>Au Canada et aux \u00c9tats-Unis, les cohortes \u00e9tudiantes en m\u00e9decine et en soins infirmiers re\u00e7oivent en moyenne <a data-type=\"URL\" data-id=\"https:\/\/www.ncbi.nlm.nih.gov\/pmc\/articles\/PMC7201690\/\" rel=\"noreferrer noopener\" href=\"https:\/\/www.ncbi.nlm.nih.gov\/pmc\/articles\/PMC7201690\/\" target=\"_blank\">3,5 heures<\/a> de contenu sp\u00e9cifique aux populations 2SLGBTQIA+.<\/li><\/ul>\n\n\n\n<p><strong>QUATRE:<\/strong> Manque de soin, de diagnostic et de traitement ad\u00e9quat pour les patients<\/p>\n\n\n\n<ul class=\"wp-block-list\"><li>La dysfonction sexuelle f\u00e9minine touche <a data-type=\"URL\" data-id=\"https:\/\/www.jstor.org\/stable\/10.15767\/feministstudies.41.2.259#metadata_info_tab_contents\" rel=\"noreferrer noopener\" href=\"https:\/\/www.jstor.org\/stable\/10.15767\/feministstudies.41.2.259#metadata_info_tab_contents\" target=\"_blank\">43% <\/a>des individus, mais ceci reste l'un des probl\u00e8mes m\u00e9dicaux les moins bien diagnostiqu\u00e9s.<\/li><li>PubMed compte presque <a data-type=\"URL\" data-id=\"https:\/\/theweek.com\/articles\/749978\/female-price-male-pleasure\" rel=\"noreferrer noopener\" href=\"https:\/\/theweek.com\/articles\/749978\/female-price-male-pleasure\" target=\"_blank\">5x<\/a> plus d'essais cliniques sur le plaisir sexuel des personnes ayant un p\u00e9nis que sur la douleur sexuelle des personnes ayant un vagin.<\/li><li>Pr\u00e8s <a data-type=\"URL\" data-id=\"https:\/\/news.harvard.edu\/gazette\/story\/2018\/03\/health-care-providers-need-better-understanding-of-lgbtq-patients-harvard-forum-says\/\" rel=\"noreferrer noopener\" href=\"https:\/\/news.harvard.edu\/gazette\/story\/2018\/03\/health-care-providers-need-better-understanding-of-lgbtq-patients-harvard-forum-says\/\" target=\"_blank\">d'un sixi\u00e8me<\/a> des Am\u00e9ricains 2SLGBTQIA+ ont \u00e9t\u00e9 victimes de discriminations en consultation m\u00e9dicale ou dans un autre \u00e9tablissement de soins.<\/li><\/ul>","protected":false},"excerpt":{"rendered":"<p>\u201cSexual health is consistently not being prioritized by the healthcare system, the healthcare curricula, and healthcare professionals\u201d There are four reasons why we feel comprehensive sexual health education for healthcare practitioners is needed. ONE: Lack of conversations in the patient-practitioner encounter Only 6% of healthcare practitioners initiate sexual health discussions on a frequent basis with their patients Discussions on sexual health with young adults lasts on average 36 seconds per healthcare visit Only 25% of primary care physicians take a patient\u2019s sexual history Few as 25% of primary care physicians routinely ask patients about sexual well-being TWO: Lack of comfort amongst healthcare practitioners Healthcare practitioners describe feeling \u201creluctant,\u201d \u201creserved,\u201d or \u201cuncomfortable\u201d when talking about sexual health 25% of doctors say they have expressed disapproval of patients&#8217; sexual practices Healthcare practitioners indicate discomfort when discussing sexual health with patients of gender, racial, or ethnic groups that differ than their own THREE: Lack of training amongst healthcare practitioners Many healthcare curricula devote little to no attention to sexual function, sexual dysfunction, female sexuality, and abortion 42% &#8211; 62% of medical students describe their training received on sexuality topics in medical school inadequate In Canada and the U.S, medical and nursing students receive on average 3.5 hours of content specific to 2SLGBTQIA+ populations FOUR: Lack of adequate care, diagnosis and treatment for patients Female sexual dysfunction affects 43% of individuals, yet it continues to be one of the most under diagnosed medical condition PubMed\u00a0has almost 5x as many clinical trials on sexual pleasure for people with penises as it has on sexual pain for people with vaginas Nearly a sixth of 2SLGBTQIA+ Americans have experienced discrimination at the doctor\u2019s office or in another healthcare setting<\/p>","protected":false},"author":1,"featured_media":0,"parent":0,"menu_order":0,"comment_status":"closed","ping_status":"closed","template":"","meta":{"footnotes":""},"class_list":["post-197","page","type-page","status-publish","hentry"],"yoast_head":"<!-- This site is optimized with the Yoast SEO plugin v26.9 - https:\/\/yoast.com\/product\/yoast-seo-wordpress\/ -->\n<title>THIS IS WHY | Sex[M]ed<\/title>\n<meta name=\"robots\" content=\"index, follow, max-snippet:-1, max-image-preview:large, max-video-preview:-1\" \/>\n<link rel=\"canonical\" href=\"https:\/\/thesexmed.com\/francais\/this-is-why\/\" \/>\n<meta property=\"og:locale\" content=\"fr_CA\" \/>\n<meta property=\"og:type\" content=\"article\" \/>\n<meta property=\"og:title\" content=\"THIS IS WHY | Sex[M]ed\" \/>\n<meta property=\"og:description\" content=\"\u201cSexual health is consistently not being prioritized by the healthcare system, the healthcare curricula, and healthcare professionals\u201d There are four reasons why we feel comprehensive sexual health education for healthcare practitioners is needed. ONE: Lack of conversations in the patient-practitioner encounter Only 6% of healthcare practitioners initiate sexual health discussions on a frequent basis with their patients Discussions on sexual health with young adults lasts on average 36 seconds per healthcare visit Only 25% of primary care physicians take a patient\u2019s sexual history Few as 25% of primary care physicians routinely ask patients about sexual well-being TWO: Lack of comfort amongst healthcare practitioners Healthcare practitioners describe feeling \u201creluctant,\u201d \u201creserved,\u201d or \u201cuncomfortable\u201d when talking about sexual health 25% of doctors say they have expressed disapproval of patients&#8217; sexual practices Healthcare practitioners indicate discomfort when discussing sexual health with patients of gender, racial, or ethnic groups that differ than their own THREE: Lack of training amongst healthcare practitioners Many healthcare curricula devote little to no attention to sexual function, sexual dysfunction, female sexuality, and abortion 42% &#8211; 62% of medical students describe their training received on sexuality topics in medical school inadequate In Canada and the U.S, medical and nursing students receive on average 3.5 hours of content specific to 2SLGBTQIA+ populations FOUR: Lack of adequate care, diagnosis and treatment for patients Female sexual dysfunction affects 43% of individuals, yet it continues to be one of the most under diagnosed medical condition PubMed\u00a0has almost 5x as many clinical trials on sexual pleasure for people with penises as it has on sexual pain for people with vaginas Nearly a sixth of 2SLGBTQIA+ Americans have experienced discrimination at the doctor\u2019s office or in another healthcare setting\" \/>\n<meta property=\"og:url\" content=\"https:\/\/thesexmed.com\/francais\/this-is-why\/\" \/>\n<meta property=\"og:site_name\" content=\"Sex[M]ed\" \/>\n<meta property=\"article:publisher\" content=\"https:\/\/www.facebook.com\/sexmed.the\" \/>\n<meta property=\"article:modified_time\" content=\"2022-01-21T22:39:43+00:00\" \/>\n<meta name=\"twitter:card\" content=\"summary_large_image\" \/>\n<meta name=\"twitter:site\" content=\"@thesexmed\" \/>\n<meta name=\"twitter:label1\" content=\"Estimation du temps de lecture\" \/>\n\t<meta name=\"twitter:data1\" content=\"2 minutes\" \/>\n<script type=\"application\/ld+json\" class=\"yoast-schema-graph\">{\"@context\":\"https:\/\/schema.org\",\"@graph\":[{\"@type\":\"WebPage\",\"@id\":\"https:\/\/thesexmed.com\/this-is-why\/\",\"url\":\"https:\/\/thesexmed.com\/this-is-why\/\",\"name\":\"THIS IS WHY | Sex[M]ed\",\"isPartOf\":{\"@id\":\"https:\/\/thesexmed.com\/#website\"},\"datePublished\":\"2020-12-29T16:54:15+00:00\",\"dateModified\":\"2022-01-21T22:39:43+00:00\",\"breadcrumb\":{\"@id\":\"https:\/\/thesexmed.com\/this-is-why\/#breadcrumb\"},\"inLanguage\":\"fr-CA\",\"potentialAction\":[{\"@type\":\"ReadAction\",\"target\":[\"https:\/\/thesexmed.com\/this-is-why\/\"]}]},{\"@type\":\"BreadcrumbList\",\"@id\":\"https:\/\/thesexmed.com\/this-is-why\/#breadcrumb\",\"itemListElement\":[{\"@type\":\"ListItem\",\"position\":1,\"name\":\"Home\",\"item\":\"https:\/\/thesexmed.com\/\"},{\"@type\":\"ListItem\",\"position\":2,\"name\":\"THIS IS WHY\"}]},{\"@type\":\"WebSite\",\"@id\":\"https:\/\/thesexmed.com\/#website\",\"url\":\"https:\/\/thesexmed.com\/\",\"name\":\"Sex[M]ed\",\"description\":\"a sexual health education platform for healthcare practitioners\",\"publisher\":{\"@id\":\"https:\/\/thesexmed.com\/#organization\"},\"potentialAction\":[{\"@type\":\"SearchAction\",\"target\":{\"@type\":\"EntryPoint\",\"urlTemplate\":\"https:\/\/thesexmed.com\/?s={search_term_string}\"},\"query-input\":{\"@type\":\"PropertyValueSpecification\",\"valueRequired\":true,\"valueName\":\"search_term_string\"}}],\"inLanguage\":\"fr-CA\"},{\"@type\":\"Organization\",\"@id\":\"https:\/\/thesexmed.com\/#organization\",\"name\":\"Sex[M]ed\",\"url\":\"https:\/\/thesexmed.com\/\",\"logo\":{\"@type\":\"ImageObject\",\"inLanguage\":\"fr-CA\",\"@id\":\"https:\/\/thesexmed.com\/#\/schema\/logo\/image\/\",\"url\":\"https:\/\/thesexmed.com\/wp-content\/uploads\/2021\/01\/1.png\",\"contentUrl\":\"https:\/\/thesexmed.com\/wp-content\/uploads\/2021\/01\/1.png\",\"width\":1224,\"height\":1584,\"caption\":\"Sex[M]ed\"},\"image\":{\"@id\":\"https:\/\/thesexmed.com\/#\/schema\/logo\/image\/\"},\"sameAs\":[\"https:\/\/www.facebook.com\/sexmed.the\",\"https:\/\/x.com\/thesexmed\",\"https:\/\/www.instagram.com\/sexmed_\/\"]}]}<\/script>\n<!-- \/ Yoast SEO plugin. -->","yoast_head_json":{"title":"THIS IS WHY | Sex[M]ed","robots":{"index":"index","follow":"follow","max-snippet":"max-snippet:-1","max-image-preview":"max-image-preview:large","max-video-preview":"max-video-preview:-1"},"canonical":"https:\/\/thesexmed.com\/francais\/this-is-why\/","og_locale":"fr_CA","og_type":"article","og_title":"THIS IS WHY | Sex[M]ed","og_description":"\u201cSexual health is consistently not being prioritized by the healthcare system, the healthcare curricula, and healthcare professionals\u201d There are four reasons why we feel comprehensive sexual health education for healthcare practitioners is needed. ONE: Lack of conversations in the patient-practitioner encounter Only 6% of healthcare practitioners initiate sexual health discussions on a frequent basis with their patients Discussions on sexual health with young adults lasts on average 36 seconds per healthcare visit Only 25% of primary care physicians take a patient\u2019s sexual history Few as 25% of primary care physicians routinely ask patients about sexual well-being TWO: Lack of comfort amongst healthcare practitioners Healthcare practitioners describe feeling \u201creluctant,\u201d \u201creserved,\u201d or \u201cuncomfortable\u201d when talking about sexual health 25% of doctors say they have expressed disapproval of patients&#8217; sexual practices Healthcare practitioners indicate discomfort when discussing sexual health with patients of gender, racial, or ethnic groups that differ than their own THREE: Lack of training amongst healthcare practitioners Many healthcare curricula devote little to no attention to sexual function, sexual dysfunction, female sexuality, and abortion 42% &#8211; 62% of medical students describe their training received on sexuality topics in medical school inadequate In Canada and the U.S, medical and nursing students receive on average 3.5 hours of content specific to 2SLGBTQIA+ populations FOUR: Lack of adequate care, diagnosis and treatment for patients Female sexual dysfunction affects 43% of individuals, yet it continues to be one of the most under diagnosed medical condition PubMed\u00a0has almost 5x as many clinical trials on sexual pleasure for people with penises as it has on sexual pain for people with vaginas Nearly a sixth of 2SLGBTQIA+ Americans have experienced discrimination at the doctor\u2019s office or in another healthcare setting","og_url":"https:\/\/thesexmed.com\/francais\/this-is-why\/","og_site_name":"Sex[M]ed","article_publisher":"https:\/\/www.facebook.com\/sexmed.the","article_modified_time":"2022-01-21T22:39:43+00:00","twitter_card":"summary_large_image","twitter_site":"@thesexmed","twitter_misc":{"Estimation du temps de lecture":"2 minutes"},"schema":{"@context":"https:\/\/schema.org","@graph":[{"@type":"WebPage","@id":"https:\/\/thesexmed.com\/this-is-why\/","url":"https:\/\/thesexmed.com\/this-is-why\/","name":"THIS IS WHY | Sex[M]ed","isPartOf":{"@id":"https:\/\/thesexmed.com\/#website"},"datePublished":"2020-12-29T16:54:15+00:00","dateModified":"2022-01-21T22:39:43+00:00","breadcrumb":{"@id":"https:\/\/thesexmed.com\/this-is-why\/#breadcrumb"},"inLanguage":"fr-CA","potentialAction":[{"@type":"ReadAction","target":["https:\/\/thesexmed.com\/this-is-why\/"]}]},{"@type":"BreadcrumbList","@id":"https:\/\/thesexmed.com\/this-is-why\/#breadcrumb","itemListElement":[{"@type":"ListItem","position":1,"name":"Home","item":"https:\/\/thesexmed.com\/"},{"@type":"ListItem","position":2,"name":"THIS IS WHY"}]},{"@type":"WebSite","@id":"https:\/\/thesexmed.com\/#website","url":"https:\/\/thesexmed.com\/","name":"Sex[M]ed","description":"a sexual health education platform for healthcare practitioners","publisher":{"@id":"https:\/\/thesexmed.com\/#organization"},"potentialAction":[{"@type":"SearchAction","target":{"@type":"EntryPoint","urlTemplate":"https:\/\/thesexmed.com\/?s={search_term_string}"},"query-input":{"@type":"PropertyValueSpecification","valueRequired":true,"valueName":"search_term_string"}}],"inLanguage":"fr-CA"},{"@type":"Organization","@id":"https:\/\/thesexmed.com\/#organization","name":"Sex[M]ed","url":"https:\/\/thesexmed.com\/","logo":{"@type":"ImageObject","inLanguage":"fr-CA","@id":"https:\/\/thesexmed.com\/#\/schema\/logo\/image\/","url":"https:\/\/thesexmed.com\/wp-content\/uploads\/2021\/01\/1.png","contentUrl":"https:\/\/thesexmed.com\/wp-content\/uploads\/2021\/01\/1.png","width":1224,"height":1584,"caption":"Sex[M]ed"},"image":{"@id":"https:\/\/thesexmed.com\/#\/schema\/logo\/image\/"},"sameAs":["https:\/\/www.facebook.com\/sexmed.the","https:\/\/x.com\/thesexmed","https:\/\/www.instagram.com\/sexmed_\/"]}]}},"_links":{"self":[{"href":"https:\/\/thesexmed.com\/francais\/wp-json\/wp\/v2\/pages\/197","targetHints":{"allow":["GET"]}}],"collection":[{"href":"https:\/\/thesexmed.com\/francais\/wp-json\/wp\/v2\/pages"}],"about":[{"href":"https:\/\/thesexmed.com\/francais\/wp-json\/wp\/v2\/types\/page"}],"author":[{"embeddable":true,"href":"https:\/\/thesexmed.com\/francais\/wp-json\/wp\/v2\/users\/1"}],"replies":[{"embeddable":true,"href":"https:\/\/thesexmed.com\/francais\/wp-json\/wp\/v2\/comments?post=197"}],"version-history":[{"count":5,"href":"https:\/\/thesexmed.com\/francais\/wp-json\/wp\/v2\/pages\/197\/revisions"}],"predecessor-version":[{"id":1768,"href":"https:\/\/thesexmed.com\/francais\/wp-json\/wp\/v2\/pages\/197\/revisions\/1768"}],"wp:attachment":[{"href":"https:\/\/thesexmed.com\/francais\/wp-json\/wp\/v2\/media?parent=197"}],"curies":[{"name":"wp","href":"https:\/\/api.w.org\/{rel}","templated":true}]}}