{"id":1773,"date":"2022-01-22T11:16:06","date_gmt":"2022-01-22T16:16:06","guid":{"rendered":"https:\/\/thesexmed.com\/?page_id=1773"},"modified":"2022-01-22T11:47:03","modified_gmt":"2022-01-22T16:47:03","slug":"publicationplatform","status":"publish","type":"page","link":"https:\/\/thesexmed.com\/francais\/publicationplatform\/","title":{"rendered":"Plate-forme de publication"},"content":{"rendered":"<p class=\"has-text-align-center has-medium-font-size\">\"Nous plaidons, nous \u00e9duquons, nous donnons du pouvoir\"<\/p>\n\n\n\n<hr class=\"wp-block-separator has-text-color has-background has-vivid-red-background-color has-vivid-red-color is-style-dots\"\/>\n\n\n\n<p>Notre plateforme de publication s'efforce d'\u00e9duquer le personnel de la sant\u00e9 sur des sujets relatifs \u00e0 la sant\u00e9 sexuelle qui sont souvent mal repr\u00e9sent\u00e9s ou absents des programmes de soins de sant\u00e9. <\/p>\n\n\n\n<p>La plateforme, situ\u00e9e sur la page principale de notre site web, comprend deux voies: (a) une page professionnel pour les articles \u00e9crits par le personnel de sant\u00e9 certifi\u00e9 qui traite des aspects cliniques de la sant\u00e9 sexuelle, et (b) une page \u00e9ditoriale pour les r\u00e9cits \u00e0 la premi\u00e8re personne et les articles de perspective qui traitent des aspects non cliniques de la sant\u00e9 sexuelle. Gr\u00e2ce \u00e0 cette plateforme, nous esp\u00e9rons rassembler des ressources pr\u00e9cises, cr\u00e9dibles, informatives et accessibles \u00e0 un large \u00e9ventail du personnel de la sant\u00e9. Si vous souhaitez \u00e9crire pour nous, veuillez envoyer un courriel \u00e0&nbsp;<a href=\"mailto:editor@thesexmed.com\">editor@thesexmed.com<\/a>.<\/p>\n\n\n\n<p>En tant qu'organisation, nous pensons qu'il est important d'\u00eatre conscient que certains membres du personnel de la sant\u00e9 \u00e9criront des articles sur l\u2019administration de soins \u00e0 des communaut\u00e9s auxquelles iels ne s'identifient pas. Leur point de vue provient de leur exp\u00e9rience de travail et de d\u00e9fense des int\u00e9r\u00eats de ces communaut\u00e9s, mais il est limit\u00e9 par le fait qu\u2019iels n'ont pas v\u00e9cu ces exp\u00e9riences directement. Nous reconnaissons ces limites et encourageons le personnel de la sant\u00e9 \u00e0 r\u00e9fl\u00e9chir \u00e0 leurs privil\u00e8ges et \u00e0 faire preuve de transparence quant \u00e0 leurs limites dans leurs articles.<\/p>\n\n\n\n<p><em>Avis de non-responsabilit\u00e9 : Le contenu fourni par [M]\u00e9dSex est uniquement destin\u00e9 \u00e0 des fins d'information. Il n'est pas destin\u00e9 \u00e0 remplacer les soins de sant\u00e9 professionnels ou le travail du personnel de sant\u00e9 qualifi\u00e9.<\/em><\/p>","protected":false},"excerpt":{"rendered":"<p>\u201cWe advocate, we educate, we empower\u201d Our online publication platform strives to educate healthcare practitioners about topics on sexual health that are often mis-represented in, or absent from, the healthcare curricula. The platform, located on our main page of our website, includes two streams: (a) a professional insight stream for pieces written by certified healthcare practitioners that address clinical aspects of sexual health, and (b) an editorial stream for first-person narratives and perspective pieces that address non-clinical aspects of sexual health. We hope through this platform to curate accurate, credible, and informative resources that are made accessible to a wide range of healthcare practitioners.&nbsp;If you are interested in writing for us, please send an email to&nbsp;editor@thesexmed.com. As an organization, we believe that it is important to be cognizant that some healthcare professionals will be writing pieces about providing care to communities that they do not themselves identify with. Their perspective comes from their experience in working and advocating for these communities, but are limited in that they themselves do not have a lived experience. We acknowledge these limitations and encourage healthcare professionals to reflect on their privilege and be transparent about their limitations in their written pieces. Disclaimer: The content provided by Sex[M]ed is for information purposes only. It is not intended to replace professional health care or the work of a qualified healthcare practitioner.<\/p>","protected":false},"author":1,"featured_media":0,"parent":0,"menu_order":0,"comment_status":"closed","ping_status":"closed","template":"","meta":{"footnotes":""},"class_list":["post-1773","page","type-page","status-publish","hentry"],"yoast_head":"<!-- This site is optimized with the Yoast SEO plugin v26.9 - https:\/\/yoast.com\/product\/yoast-seo-wordpress\/ -->\n<title>ONLINE PUBLICATION PLATFORM | Sex[M]ed<\/title>\n<meta name=\"robots\" content=\"index, follow, max-snippet:-1, max-image-preview:large, max-video-preview:-1\" \/>\n<link rel=\"canonical\" href=\"https:\/\/thesexmed.com\/francais\/publicationplatform\/\" \/>\n<meta property=\"og:locale\" content=\"fr_CA\" \/>\n<meta property=\"og:type\" content=\"article\" \/>\n<meta property=\"og:title\" content=\"ONLINE PUBLICATION PLATFORM | Sex[M]ed\" \/>\n<meta property=\"og:description\" content=\"\u201cWe advocate, we educate, we empower\u201d Our online publication platform strives to educate healthcare practitioners about topics on sexual health that are often mis-represented in, or absent from, the healthcare curricula. The platform, located on our main page of our website, includes two streams: (a) a professional insight stream for pieces written by certified healthcare practitioners that address clinical aspects of sexual health, and (b) an editorial stream for first-person narratives and perspective pieces that address non-clinical aspects of sexual health. We hope through this platform to curate accurate, credible, and informative resources that are made accessible to a wide range of healthcare practitioners.&nbsp;If you are interested in writing for us, please send an email to&nbsp;editor@thesexmed.com. As an organization, we believe that it is important to be cognizant that some healthcare professionals will be writing pieces about providing care to communities that they do not themselves identify with. Their perspective comes from their experience in working and advocating for these communities, but are limited in that they themselves do not have a lived experience. We acknowledge these limitations and encourage healthcare professionals to reflect on their privilege and be transparent about their limitations in their written pieces. Disclaimer: The content provided by Sex[M]ed is for information purposes only. It is not intended to replace professional health care or the work of a qualified healthcare practitioner.\" \/>\n<meta property=\"og:url\" content=\"https:\/\/thesexmed.com\/francais\/publicationplatform\/\" \/>\n<meta property=\"og:site_name\" content=\"Sex[M]ed\" \/>\n<meta property=\"article:publisher\" content=\"https:\/\/www.facebook.com\/sexmed.the\" \/>\n<meta property=\"article:modified_time\" content=\"2022-01-22T16:47:03+00:00\" \/>\n<meta name=\"twitter:card\" content=\"summary_large_image\" \/>\n<meta name=\"twitter:site\" content=\"@thesexmed\" \/>\n<meta name=\"twitter:label1\" content=\"Estimation du temps de lecture\" \/>\n\t<meta name=\"twitter:data1\" content=\"1 minute\" \/>\n<script type=\"application\/ld+json\" class=\"yoast-schema-graph\">{\"@context\":\"https:\/\/schema.org\",\"@graph\":[{\"@type\":\"WebPage\",\"@id\":\"https:\/\/thesexmed.com\/publicationplatform\/\",\"url\":\"https:\/\/thesexmed.com\/publicationplatform\/\",\"name\":\"ONLINE PUBLICATION PLATFORM | Sex[M]ed\",\"isPartOf\":{\"@id\":\"https:\/\/thesexmed.com\/#website\"},\"datePublished\":\"2022-01-22T16:16:06+00:00\",\"dateModified\":\"2022-01-22T16:47:03+00:00\",\"breadcrumb\":{\"@id\":\"https:\/\/thesexmed.com\/publicationplatform\/#breadcrumb\"},\"inLanguage\":\"fr-CA\",\"potentialAction\":[{\"@type\":\"ReadAction\",\"target\":[\"https:\/\/thesexmed.com\/publicationplatform\/\"]}]},{\"@type\":\"BreadcrumbList\",\"@id\":\"https:\/\/thesexmed.com\/publicationplatform\/#breadcrumb\",\"itemListElement\":[{\"@type\":\"ListItem\",\"position\":1,\"name\":\"Home\",\"item\":\"https:\/\/thesexmed.com\/\"},{\"@type\":\"ListItem\",\"position\":2,\"name\":\"ONLINE PUBLICATION PLATFORM\"}]},{\"@type\":\"WebSite\",\"@id\":\"https:\/\/thesexmed.com\/#website\",\"url\":\"https:\/\/thesexmed.com\/\",\"name\":\"Sex[M]ed\",\"description\":\"a sexual health education platform for healthcare practitioners\",\"publisher\":{\"@id\":\"https:\/\/thesexmed.com\/#organization\"},\"potentialAction\":[{\"@type\":\"SearchAction\",\"target\":{\"@type\":\"EntryPoint\",\"urlTemplate\":\"https:\/\/thesexmed.com\/?s={search_term_string}\"},\"query-input\":{\"@type\":\"PropertyValueSpecification\",\"valueRequired\":true,\"valueName\":\"search_term_string\"}}],\"inLanguage\":\"fr-CA\"},{\"@type\":\"Organization\",\"@id\":\"https:\/\/thesexmed.com\/#organization\",\"name\":\"Sex[M]ed\",\"url\":\"https:\/\/thesexmed.com\/\",\"logo\":{\"@type\":\"ImageObject\",\"inLanguage\":\"fr-CA\",\"@id\":\"https:\/\/thesexmed.com\/#\/schema\/logo\/image\/\",\"url\":\"https:\/\/thesexmed.com\/wp-content\/uploads\/2021\/01\/1.png\",\"contentUrl\":\"https:\/\/thesexmed.com\/wp-content\/uploads\/2021\/01\/1.png\",\"width\":1224,\"height\":1584,\"caption\":\"Sex[M]ed\"},\"image\":{\"@id\":\"https:\/\/thesexmed.com\/#\/schema\/logo\/image\/\"},\"sameAs\":[\"https:\/\/www.facebook.com\/sexmed.the\",\"https:\/\/x.com\/thesexmed\",\"https:\/\/www.instagram.com\/sexmed_\/\"]}]}<\/script>\n<!-- \/ Yoast SEO plugin. -->","yoast_head_json":{"title":"ONLINE PUBLICATION PLATFORM | Sex[M]ed","robots":{"index":"index","follow":"follow","max-snippet":"max-snippet:-1","max-image-preview":"max-image-preview:large","max-video-preview":"max-video-preview:-1"},"canonical":"https:\/\/thesexmed.com\/francais\/publicationplatform\/","og_locale":"fr_CA","og_type":"article","og_title":"ONLINE PUBLICATION PLATFORM | Sex[M]ed","og_description":"\u201cWe advocate, we educate, we empower\u201d Our online publication platform strives to educate healthcare practitioners about topics on sexual health that are often mis-represented in, or absent from, the healthcare curricula. The platform, located on our main page of our website, includes two streams: (a) a professional insight stream for pieces written by certified healthcare practitioners that address clinical aspects of sexual health, and (b) an editorial stream for first-person narratives and perspective pieces that address non-clinical aspects of sexual health. We hope through this platform to curate accurate, credible, and informative resources that are made accessible to a wide range of healthcare practitioners.&nbsp;If you are interested in writing for us, please send an email to&nbsp;editor@thesexmed.com. As an organization, we believe that it is important to be cognizant that some healthcare professionals will be writing pieces about providing care to communities that they do not themselves identify with. Their perspective comes from their experience in working and advocating for these communities, but are limited in that they themselves do not have a lived experience. We acknowledge these limitations and encourage healthcare professionals to reflect on their privilege and be transparent about their limitations in their written pieces. Disclaimer: The content provided by Sex[M]ed is for information purposes only. It is not intended to replace professional health care or the work of a qualified healthcare practitioner.","og_url":"https:\/\/thesexmed.com\/francais\/publicationplatform\/","og_site_name":"Sex[M]ed","article_publisher":"https:\/\/www.facebook.com\/sexmed.the","article_modified_time":"2022-01-22T16:47:03+00:00","twitter_card":"summary_large_image","twitter_site":"@thesexmed","twitter_misc":{"Estimation du temps de lecture":"1 minute"},"schema":{"@context":"https:\/\/schema.org","@graph":[{"@type":"WebPage","@id":"https:\/\/thesexmed.com\/publicationplatform\/","url":"https:\/\/thesexmed.com\/publicationplatform\/","name":"ONLINE PUBLICATION PLATFORM | Sex[M]ed","isPartOf":{"@id":"https:\/\/thesexmed.com\/#website"},"datePublished":"2022-01-22T16:16:06+00:00","dateModified":"2022-01-22T16:47:03+00:00","breadcrumb":{"@id":"https:\/\/thesexmed.com\/publicationplatform\/#breadcrumb"},"inLanguage":"fr-CA","potentialAction":[{"@type":"ReadAction","target":["https:\/\/thesexmed.com\/publicationplatform\/"]}]},{"@type":"BreadcrumbList","@id":"https:\/\/thesexmed.com\/publicationplatform\/#breadcrumb","itemListElement":[{"@type":"ListItem","position":1,"name":"Home","item":"https:\/\/thesexmed.com\/"},{"@type":"ListItem","position":2,"name":"ONLINE PUBLICATION PLATFORM"}]},{"@type":"WebSite","@id":"https:\/\/thesexmed.com\/#website","url":"https:\/\/thesexmed.com\/","name":"Sex[M]ed","description":"a sexual health education platform for healthcare practitioners","publisher":{"@id":"https:\/\/thesexmed.com\/#organization"},"potentialAction":[{"@type":"SearchAction","target":{"@type":"EntryPoint","urlTemplate":"https:\/\/thesexmed.com\/?s={search_term_string}"},"query-input":{"@type":"PropertyValueSpecification","valueRequired":true,"valueName":"search_term_string"}}],"inLanguage":"fr-CA"},{"@type":"Organization","@id":"https:\/\/thesexmed.com\/#organization","name":"Sex[M]ed","url":"https:\/\/thesexmed.com\/","logo":{"@type":"ImageObject","inLanguage":"fr-CA","@id":"https:\/\/thesexmed.com\/#\/schema\/logo\/image\/","url":"https:\/\/thesexmed.com\/wp-content\/uploads\/2021\/01\/1.png","contentUrl":"https:\/\/thesexmed.com\/wp-content\/uploads\/2021\/01\/1.png","width":1224,"height":1584,"caption":"Sex[M]ed"},"image":{"@id":"https:\/\/thesexmed.com\/#\/schema\/logo\/image\/"},"sameAs":["https:\/\/www.facebook.com\/sexmed.the","https:\/\/x.com\/thesexmed","https:\/\/www.instagram.com\/sexmed_\/"]}]}},"_links":{"self":[{"href":"https:\/\/thesexmed.com\/francais\/wp-json\/wp\/v2\/pages\/1773","targetHints":{"allow":["GET"]}}],"collection":[{"href":"https:\/\/thesexmed.com\/francais\/wp-json\/wp\/v2\/pages"}],"about":[{"href":"https:\/\/thesexmed.com\/francais\/wp-json\/wp\/v2\/types\/page"}],"author":[{"embeddable":true,"href":"https:\/\/thesexmed.com\/francais\/wp-json\/wp\/v2\/users\/1"}],"replies":[{"embeddable":true,"href":"https:\/\/thesexmed.com\/francais\/wp-json\/wp\/v2\/comments?post=1773"}],"version-history":[{"count":5,"href":"https:\/\/thesexmed.com\/francais\/wp-json\/wp\/v2\/pages\/1773\/revisions"}],"predecessor-version":[{"id":1798,"href":"https:\/\/thesexmed.com\/francais\/wp-json\/wp\/v2\/pages\/1773\/revisions\/1798"}],"wp:attachment":[{"href":"https:\/\/thesexmed.com\/francais\/wp-json\/wp\/v2\/media?parent=1773"}],"curies":[{"name":"wp","href":"https:\/\/api.w.org\/{rel}","templated":true}]}}