{"id":127,"date":"2020-12-29T10:35:05","date_gmt":"2020-12-29T15:35:05","guid":{"rendered":"https:\/\/thesexmed.com\/?page_id=127"},"modified":"2023-11-05T21:30:10","modified_gmt":"2023-11-06T02:30:10","slug":"get-involved","status":"publish","type":"page","link":"https:\/\/thesexmed.com\/francais\/get-involved\/","title":{"rendered":"S'IMPLIQUER"},"content":{"rendered":"<p class=\"has-text-align-center has-medium-font-size\">\"[M]\u00e9dSex existe parce que nous voulons rassembler le personnel de la sant\u00e9 afin de permettre l\u2019acc\u00e8s \u00e0 un contenu sur la sant\u00e9 sexuelle qui soit inclusif, complet, utile et digne de confiance.\"<\/p>\n\n\n\n<hr class=\"wp-block-separator has-text-color has-vivid-red-color has-css-opacity has-vivid-red-background-color has-background is-style-dots\"\/>\n\n\n\n<div class=\"wp-block-group\"><div class=\"wp-block-group__inner-container is-layout-flow wp-block-group-is-layout-flow\">\n<div class=\"wp-block-columns is-layout-flex wp-container-core-columns-is-layout-9d6595d7 wp-block-columns-is-layout-flex\">\n<div class=\"wp-block-column is-vertically-aligned-top is-layout-flow wp-block-column-is-layout-flow\">\n<h4 class=\"wp-block-heading has-text-align-center has-medium-font-size\">\u00c9crire pour nous<\/h4>\n\n\n\n<div style=\"height:30px\" aria-hidden=\"true\" class=\"wp-block-spacer\"><\/div>\n\n\n\n<p>Sex<span class=\"has-inline-color has-vivid-red-color\">[M]<\/span>[M]\u00e9dSex accueille les exp\u00e9riences de toutes les personnes, y compris, mais sans s'y limiter, les personnes queer, bispirituelles, trans et non binaires, ainsi que celles qui s'identifient comme noires, de couleur ou indig\u00e8nes.<\/p>\n\n\n\n<p class=\"has-text-align-left\"><strong>Ce que nous publions<\/strong><\/p>\n\n\n\n<p>Notre flux d'informations professionnelles est un contenu sur la sant\u00e9 sexuelle r\u00e9dig\u00e9 par le personnel de la sant\u00e9 certifi\u00e9 qui aborde les aspects cliniques de la sant\u00e9 sexuelle. Si vous travaillez en sant\u00e9 et que vous souhaitez \u00e9crire pour nous, veuillez envoyer un e-mail \u00e0 <a href=\"mailto:info@thesexmed.com\">info@thesexmed.com<\/a>.<\/p>\n\n\n\n<p>Notre flux \u00e9ditorial comprend des r\u00e9cits \u00e0 la premi\u00e8re personne et des articles de perspective qui abordent des sujets de sant\u00e9 sexuelle qui ne sont pas de nature clinique. Il s'agit g\u00e9n\u00e9ralement d'exp\u00e9riences personnelles ou d'opinions sur le th\u00e8me de la sant\u00e9 sexuelle dans le contexte du syst\u00e8me de sant\u00e9. Ce contenu ne n\u00e9cessite pas d'expertise clinique sur le sujet. Veuillez nous contacter si vous souhaitez soumettre un article et nous vous informerons de nos directives. Les soumissions sont actuellement accept\u00e9es par le biais de <a href=\"https:\/\/forms.gle\/GuEu9YxA318RkSba8\" target=\"_blank\" rel=\"noreferrer noopener\">ce formulaire<\/a>. <\/p>\n\n\n\n<p>Tous les articles comptent g\u00e9n\u00e9ralement de 700 \u00e0 900 mots, mais des exceptions sont possibles.<\/p>\n\n\n\n<p>We offer an optional honorarium to writers who have contributed a piece for our platform. Kindly fill out this <a href=\"https:\/\/forms.gle\/AvNWSBC51M1aHEL3A\">ce formulaire<\/a>, et nous vous contacterons pour vous confirmer et vous indiquer les prochaines \u00e9tapes.<\/p>\n\n\n\n<div style=\"height:30px\" aria-hidden=\"true\" class=\"wp-block-spacer\"><\/div>\n\n\n\n<h4 class=\"wp-block-heading has-text-align-center has-medium-font-size\">Rejoignez notre \u00e9quipe<\/h4>\n\n\n\n<div style=\"height:30px\" aria-hidden=\"true\" class=\"wp-block-spacer\"><\/div>\n\n\n\n<p class=\"translation-block\">Si vous souhaitez rejoindre notre \u00e9quipe \u00e0 [M]\u00e9dSex , veuillez remplir ce formulaire. Alternativement, si le formulaire est ferm\u00e9, veuillez nous envoyer un courriel \u00e0 info@thesexmed.com.<\/p>\n\n\n\n<p><\/p>\n\n\n\n<p><strong>Possibilit\u00e9s de stage<\/strong><\/p>\n\n\n\n<p>Nous sommes disponibles pour collaborer avec des \u00e9tudiants pour des opportunit\u00e9s de stage pour des cr\u00e9dits et des cours scolaires, et des programmes d'\u00e9tudes ind\u00e9pendants. Si vous \u00eates int\u00e9ress\u00e9, veuillez nous envoyer un courriel \u00e0 <a href=\"mailto:info@thesexmed.com\">info@thesexmed.com<\/a>.<\/p>\n<\/div>\n<\/div>\n\n\n\n<div class=\"wp-block-columns is-layout-flex wp-container-core-columns-is-layout-9d6595d7 wp-block-columns-is-layout-flex\">\n<div class=\"wp-block-column is-layout-flow wp-block-column-is-layout-flow\"><\/div>\n<\/div>\n<\/div><\/div>","protected":false},"excerpt":{"rendered":"<p>\u201cSex[M]ed exists because we want to bring together healthcare practitioners to be able to access content about sexual health that is inclusive, comprehensive, useful, and trustworthy.\u201d Write for Us Sex[M]ed welcomes the experiences of all people including but not limited to queer, two-spirit, trans, and non-binary folks, as well as those that identify as Black, People of Color, or Indigenous. What We Publish Our professional insight stream is sexual health content written by certified healthcare professionals that address clinical aspects of sexual health. If you are a healthcare practitioner and would like to write for us, please send an email to info@thesexmed.com. Our editorial stream includes first person narratives and perspective pieces that address subjects of sexual health that are non-clinical in nature. These pieces typically entail personal experiences with, or opinions on, the topic of sexual health in the context of the healthcare system. This content does not require any clinical expertise in the subject matter. Please get in contact with us if you are interested in submitting a piece and we will let you know more about our guidelines. Submissions are currently being accepted through the this form. All pieces are generally 700-900 words, although exceptions can be made. We offer an optional honorarium to writers who have contributed a piece for our platform. Kindly fill out this form, and we will contact you with confirmation and next steps. Join Our Team If you are interested in joining our team at Sex[M]ed, please fill out this form. Alternatively, if the form is closed, please email us at info@thesexmed.com. Internship Opportunities We are available to collaborate with students for internship opportunities for school credit and courses, and independent study programs. If you are interested, please email us at info@thesexmed.com.<\/p>","protected":false},"author":1,"featured_media":0,"parent":0,"menu_order":0,"comment_status":"closed","ping_status":"closed","template":"","meta":{"footnotes":""},"class_list":["post-127","page","type-page","status-publish","hentry"],"yoast_head":"<!-- This site is optimized with the Yoast SEO plugin v26.9 - https:\/\/yoast.com\/product\/yoast-seo-wordpress\/ -->\n<title>GET INVOLVED | Sex[M]ed<\/title>\n<meta name=\"robots\" content=\"index, follow, max-snippet:-1, max-image-preview:large, max-video-preview:-1\" \/>\n<link rel=\"canonical\" href=\"https:\/\/thesexmed.com\/francais\/get-involved\/\" \/>\n<meta property=\"og:locale\" content=\"fr_CA\" \/>\n<meta property=\"og:type\" content=\"article\" \/>\n<meta property=\"og:title\" content=\"GET INVOLVED | Sex[M]ed\" \/>\n<meta property=\"og:description\" content=\"\u201cSex[M]ed exists because we want to bring together healthcare practitioners to be able to access content about sexual health that is inclusive, comprehensive, useful, and trustworthy.\u201d Write for Us Sex[M]ed welcomes the experiences of all people including but not limited to queer, two-spirit, trans, and non-binary folks, as well as those that identify as Black, People of Color, or Indigenous. What We Publish Our professional insight stream is sexual health content written by certified healthcare professionals that address clinical aspects of sexual health. If you are a healthcare practitioner and would like to write for us, please send an email to info@thesexmed.com. Our editorial stream includes first person narratives and perspective pieces that address subjects of sexual health that are non-clinical in nature. These pieces typically entail personal experiences with, or opinions on, the topic of sexual health in the context of the healthcare system. This content does not require any clinical expertise in the subject matter. Please get in contact with us if you are interested in submitting a piece and we will let you know more about our guidelines. Submissions are currently being accepted through the this form. All pieces are generally 700-900 words, although exceptions can be made. We offer an optional honorarium to writers who have contributed a piece for our platform. Kindly fill out this form, and we will contact you with confirmation and next steps. Join Our Team If you are interested in joining our team at Sex[M]ed, please fill out this form. Alternatively, if the form is closed, please email us at info@thesexmed.com. Internship Opportunities We are available to collaborate with students for internship opportunities for school credit and courses, and independent study programs. If you are interested, please email us at info@thesexmed.com.\" \/>\n<meta property=\"og:url\" content=\"https:\/\/thesexmed.com\/francais\/get-involved\/\" \/>\n<meta property=\"og:site_name\" content=\"Sex[M]ed\" \/>\n<meta property=\"article:publisher\" content=\"https:\/\/www.facebook.com\/sexmed.the\" \/>\n<meta property=\"article:modified_time\" content=\"2023-11-06T02:30:10+00:00\" \/>\n<meta name=\"twitter:card\" content=\"summary_large_image\" \/>\n<meta name=\"twitter:site\" content=\"@thesexmed\" \/>\n<meta name=\"twitter:label1\" content=\"Estimation du temps de lecture\" \/>\n\t<meta name=\"twitter:data1\" content=\"2 minutes\" \/>\n<script type=\"application\/ld+json\" class=\"yoast-schema-graph\">{\"@context\":\"https:\/\/schema.org\",\"@graph\":[{\"@type\":\"WebPage\",\"@id\":\"https:\/\/thesexmed.com\/get-involved\/\",\"url\":\"https:\/\/thesexmed.com\/get-involved\/\",\"name\":\"GET INVOLVED | Sex[M]ed\",\"isPartOf\":{\"@id\":\"https:\/\/thesexmed.com\/#website\"},\"datePublished\":\"2020-12-29T15:35:05+00:00\",\"dateModified\":\"2023-11-06T02:30:10+00:00\",\"breadcrumb\":{\"@id\":\"https:\/\/thesexmed.com\/get-involved\/#breadcrumb\"},\"inLanguage\":\"fr-CA\",\"potentialAction\":[{\"@type\":\"ReadAction\",\"target\":[\"https:\/\/thesexmed.com\/get-involved\/\"]}]},{\"@type\":\"BreadcrumbList\",\"@id\":\"https:\/\/thesexmed.com\/get-involved\/#breadcrumb\",\"itemListElement\":[{\"@type\":\"ListItem\",\"position\":1,\"name\":\"Home\",\"item\":\"https:\/\/thesexmed.com\/\"},{\"@type\":\"ListItem\",\"position\":2,\"name\":\"GET INVOLVED\"}]},{\"@type\":\"WebSite\",\"@id\":\"https:\/\/thesexmed.com\/#website\",\"url\":\"https:\/\/thesexmed.com\/\",\"name\":\"Sex[M]ed\",\"description\":\"a sexual health education platform for healthcare practitioners\",\"publisher\":{\"@id\":\"https:\/\/thesexmed.com\/#organization\"},\"potentialAction\":[{\"@type\":\"SearchAction\",\"target\":{\"@type\":\"EntryPoint\",\"urlTemplate\":\"https:\/\/thesexmed.com\/?s={search_term_string}\"},\"query-input\":{\"@type\":\"PropertyValueSpecification\",\"valueRequired\":true,\"valueName\":\"search_term_string\"}}],\"inLanguage\":\"fr-CA\"},{\"@type\":\"Organization\",\"@id\":\"https:\/\/thesexmed.com\/#organization\",\"name\":\"Sex[M]ed\",\"url\":\"https:\/\/thesexmed.com\/\",\"logo\":{\"@type\":\"ImageObject\",\"inLanguage\":\"fr-CA\",\"@id\":\"https:\/\/thesexmed.com\/#\/schema\/logo\/image\/\",\"url\":\"https:\/\/thesexmed.com\/wp-content\/uploads\/2021\/01\/1.png\",\"contentUrl\":\"https:\/\/thesexmed.com\/wp-content\/uploads\/2021\/01\/1.png\",\"width\":1224,\"height\":1584,\"caption\":\"Sex[M]ed\"},\"image\":{\"@id\":\"https:\/\/thesexmed.com\/#\/schema\/logo\/image\/\"},\"sameAs\":[\"https:\/\/www.facebook.com\/sexmed.the\",\"https:\/\/x.com\/thesexmed\",\"https:\/\/www.instagram.com\/sexmed_\/\"]}]}<\/script>\n<!-- \/ Yoast SEO plugin. -->","yoast_head_json":{"title":"GET INVOLVED | Sex[M]ed","robots":{"index":"index","follow":"follow","max-snippet":"max-snippet:-1","max-image-preview":"max-image-preview:large","max-video-preview":"max-video-preview:-1"},"canonical":"https:\/\/thesexmed.com\/francais\/get-involved\/","og_locale":"fr_CA","og_type":"article","og_title":"GET INVOLVED | Sex[M]ed","og_description":"\u201cSex[M]ed exists because we want to bring together healthcare practitioners to be able to access content about sexual health that is inclusive, comprehensive, useful, and trustworthy.\u201d Write for Us Sex[M]ed welcomes the experiences of all people including but not limited to queer, two-spirit, trans, and non-binary folks, as well as those that identify as Black, People of Color, or Indigenous. What We Publish Our professional insight stream is sexual health content written by certified healthcare professionals that address clinical aspects of sexual health. If you are a healthcare practitioner and would like to write for us, please send an email to info@thesexmed.com. Our editorial stream includes first person narratives and perspective pieces that address subjects of sexual health that are non-clinical in nature. These pieces typically entail personal experiences with, or opinions on, the topic of sexual health in the context of the healthcare system. This content does not require any clinical expertise in the subject matter. Please get in contact with us if you are interested in submitting a piece and we will let you know more about our guidelines. Submissions are currently being accepted through the this form. All pieces are generally 700-900 words, although exceptions can be made. We offer an optional honorarium to writers who have contributed a piece for our platform. Kindly fill out this form, and we will contact you with confirmation and next steps. Join Our Team If you are interested in joining our team at Sex[M]ed, please fill out this form. Alternatively, if the form is closed, please email us at info@thesexmed.com. Internship Opportunities We are available to collaborate with students for internship opportunities for school credit and courses, and independent study programs. If you are interested, please email us at info@thesexmed.com.","og_url":"https:\/\/thesexmed.com\/francais\/get-involved\/","og_site_name":"Sex[M]ed","article_publisher":"https:\/\/www.facebook.com\/sexmed.the","article_modified_time":"2023-11-06T02:30:10+00:00","twitter_card":"summary_large_image","twitter_site":"@thesexmed","twitter_misc":{"Estimation du temps de lecture":"2 minutes"},"schema":{"@context":"https:\/\/schema.org","@graph":[{"@type":"WebPage","@id":"https:\/\/thesexmed.com\/get-involved\/","url":"https:\/\/thesexmed.com\/get-involved\/","name":"GET INVOLVED | Sex[M]ed","isPartOf":{"@id":"https:\/\/thesexmed.com\/#website"},"datePublished":"2020-12-29T15:35:05+00:00","dateModified":"2023-11-06T02:30:10+00:00","breadcrumb":{"@id":"https:\/\/thesexmed.com\/get-involved\/#breadcrumb"},"inLanguage":"fr-CA","potentialAction":[{"@type":"ReadAction","target":["https:\/\/thesexmed.com\/get-involved\/"]}]},{"@type":"BreadcrumbList","@id":"https:\/\/thesexmed.com\/get-involved\/#breadcrumb","itemListElement":[{"@type":"ListItem","position":1,"name":"Home","item":"https:\/\/thesexmed.com\/"},{"@type":"ListItem","position":2,"name":"GET INVOLVED"}]},{"@type":"WebSite","@id":"https:\/\/thesexmed.com\/#website","url":"https:\/\/thesexmed.com\/","name":"Sex[M]ed","description":"a sexual health education platform for healthcare practitioners","publisher":{"@id":"https:\/\/thesexmed.com\/#organization"},"potentialAction":[{"@type":"SearchAction","target":{"@type":"EntryPoint","urlTemplate":"https:\/\/thesexmed.com\/?s={search_term_string}"},"query-input":{"@type":"PropertyValueSpecification","valueRequired":true,"valueName":"search_term_string"}}],"inLanguage":"fr-CA"},{"@type":"Organization","@id":"https:\/\/thesexmed.com\/#organization","name":"Sex[M]ed","url":"https:\/\/thesexmed.com\/","logo":{"@type":"ImageObject","inLanguage":"fr-CA","@id":"https:\/\/thesexmed.com\/#\/schema\/logo\/image\/","url":"https:\/\/thesexmed.com\/wp-content\/uploads\/2021\/01\/1.png","contentUrl":"https:\/\/thesexmed.com\/wp-content\/uploads\/2021\/01\/1.png","width":1224,"height":1584,"caption":"Sex[M]ed"},"image":{"@id":"https:\/\/thesexmed.com\/#\/schema\/logo\/image\/"},"sameAs":["https:\/\/www.facebook.com\/sexmed.the","https:\/\/x.com\/thesexmed","https:\/\/www.instagram.com\/sexmed_\/"]}]}},"_links":{"self":[{"href":"https:\/\/thesexmed.com\/francais\/wp-json\/wp\/v2\/pages\/127","targetHints":{"allow":["GET"]}}],"collection":[{"href":"https:\/\/thesexmed.com\/francais\/wp-json\/wp\/v2\/pages"}],"about":[{"href":"https:\/\/thesexmed.com\/francais\/wp-json\/wp\/v2\/types\/page"}],"author":[{"embeddable":true,"href":"https:\/\/thesexmed.com\/francais\/wp-json\/wp\/v2\/users\/1"}],"replies":[{"embeddable":true,"href":"https:\/\/thesexmed.com\/francais\/wp-json\/wp\/v2\/comments?post=127"}],"version-history":[{"count":4,"href":"https:\/\/thesexmed.com\/francais\/wp-json\/wp\/v2\/pages\/127\/revisions"}],"predecessor-version":[{"id":2157,"href":"https:\/\/thesexmed.com\/francais\/wp-json\/wp\/v2\/pages\/127\/revisions\/2157"}],"wp:attachment":[{"href":"https:\/\/thesexmed.com\/francais\/wp-json\/wp\/v2\/media?parent=127"}],"curies":[{"name":"wp","href":"https:\/\/api.w.org\/{rel}","templated":true}]}}